{"id":2336,"date":"2023-03-16T11:07:00","date_gmt":"2023-03-16T11:07:00","guid":{"rendered":"https:\/\/villa.novologic.eu\/pluto\/"},"modified":"2025-05-15T12:12:06","modified_gmt":"2025-05-15T12:12:06","slug":"pluto","status":"publish","type":"page","link":"https:\/\/villaceramica.es\/en\/pluto\/","title":{"rendered":"Pluto"},"content":{"rendered":"\t\t<div data-elementor-type=\"wp-page\" data-elementor-id=\"2336\" class=\"elementor elementor-2336 elementor-892\">\n\t\t\t\t\t\t\t\t\t<section class=\"elementor-section elementor-top-section elementor-element elementor-element-35ae2e1 elementor-section-stretched elementor-section-boxed elementor-section-height-default elementor-section-height-default\" data-id=\"35ae2e1\" data-element_type=\"section\" data-settings=\"{&quot;stretch_section&quot;:&quot;section-stretched&quot;}\">\n\t\t\t\t\t\t<div class=\"elementor-container elementor-column-gap-custom\">\n\t\t\t\t\t<div class=\"elementor-column elementor-col-100 elementor-top-column elementor-element elementor-element-635e9b2\" data-id=\"635e9b2\" data-element_type=\"column\">\n\t\t\t<div class=\"elementor-widget-wrap elementor-element-populated\">\n\t\t\t\t\t\t\t\t<div class=\"elementor-element elementor-element-7e7b725 elementor-widget elementor-widget-image\" data-id=\"7e7b725\" data-element_type=\"widget\" data-widget_type=\"image.default\">\n\t\t\t\t<div class=\"elementor-widget-container\">\n\t\t\t<style>\/*! elementor - v3.10.2 - 29-01-2023 *\/\n.elementor-widget-image{text-align:center}.elementor-widget-image a{display:inline-block}.elementor-widget-image a img[src$=\".svg\"]{width:48px}.elementor-widget-image img{vertical-align:middle;display:inline-block}<\/style>\t\t\t\t\t\t\t\t\t\t\t\t<img decoding=\"async\" width=\"1920\" height=\"1360\" src=\"https:\/\/villaceramica.es\/wp-content\/uploads\/2023\/03\/60X120_PLUTO_AMB_01.jpg\" class=\"attachment-full size-full wp-image-1885\" alt=\"\" loading=\"lazy\" srcset=\"https:\/\/villaceramica.es\/wp-content\/uploads\/2023\/03\/60X120_PLUTO_AMB_01.jpg 1920w, https:\/\/villaceramica.es\/wp-content\/uploads\/2023\/03\/60X120_PLUTO_AMB_01-600x425.jpg 600w, https:\/\/villaceramica.es\/wp-content\/uploads\/2023\/03\/60X120_PLUTO_AMB_01-300x213.jpg 300w, https:\/\/villaceramica.es\/wp-content\/uploads\/2023\/03\/60X120_PLUTO_AMB_01-1024x725.jpg 1024w, https:\/\/villaceramica.es\/wp-content\/uploads\/2023\/03\/60X120_PLUTO_AMB_01-768x544.jpg 768w, https:\/\/villaceramica.es\/wp-content\/uploads\/2023\/03\/60X120_PLUTO_AMB_01-1536x1088.jpg 1536w\" sizes=\"(max-width: 1920px) 100vw, 1920px\" \/>\t\t\t\t\t\t\t\t\t\t\t\t\t\t\t<\/div>\n\t\t\t\t<\/div>\n\t\t\t\t\t<\/div>\n\t\t<\/div>\n\t\t\t\t\t\t\t<\/div>\n\t\t<\/section>\n\t\t\t\t<section class=\"elementor-section elementor-top-section elementor-element elementor-element-599e80f elementor-section-stretched elementor-section-boxed elementor-section-height-default elementor-section-height-default\" data-id=\"599e80f\" data-element_type=\"section\" data-settings=\"{&quot;stretch_section&quot;:&quot;section-stretched&quot;}\">\n\t\t\t\t\t\t<div class=\"elementor-container elementor-column-gap-custom\">\n\t\t\t\t\t<div class=\"elementor-column elementor-col-50 elementor-top-column elementor-element elementor-element-5ee09eb\" data-id=\"5ee09eb\" data-element_type=\"column\">\n\t\t\t<div class=\"elementor-widget-wrap elementor-element-populated\">\n\t\t\t\t\t\t\t\t<div class=\"elementor-element elementor-element-a6904b4 elementor-widget elementor-widget-heading\" data-id=\"a6904b4\" data-element_type=\"widget\" data-widget_type=\"heading.default\">\n\t\t\t\t<div class=\"elementor-widget-container\">\n\t\t\t<style>\/*! elementor - v3.10.2 - 29-01-2023 *\/\n.elementor-heading-title{padding:0;margin:0;line-height:1}.elementor-widget-heading .elementor-heading-title[class*=elementor-size-]>a{color:inherit;font-size:inherit;line-height:inherit}.elementor-widget-heading .elementor-heading-title.elementor-size-small{font-size:15px}.elementor-widget-heading .elementor-heading-title.elementor-size-medium{font-size:19px}.elementor-widget-heading .elementor-heading-title.elementor-size-large{font-size:29px}.elementor-widget-heading .elementor-heading-title.elementor-size-xl{font-size:39px}.elementor-widget-heading .elementor-heading-title.elementor-size-xxl{font-size:59px}<\/style><h2 class=\"elementor-heading-title elementor-size-default\">Pluto<\/h2>\t\t<\/div>\n\t\t\t\t<\/div>\n\t\t\t\t<div class=\"elementor-element elementor-element-7c28fb0 elementor-widget elementor-widget-text-editor\" data-id=\"7c28fb0\" data-element_type=\"widget\" data-widget_type=\"text-editor.default\">\n\t\t\t\t<div class=\"elementor-widget-container\">\n\t\t\t<style>\/*! elementor - v3.10.2 - 29-01-2023 *\/\n.elementor-widget-text-editor.elementor-drop-cap-view-stacked .elementor-drop-cap{background-color:#818a91;color:#fff}.elementor-widget-text-editor.elementor-drop-cap-view-framed .elementor-drop-cap{color:#818a91;border:3px solid;background-color:transparent}.elementor-widget-text-editor:not(.elementor-drop-cap-view-default) .elementor-drop-cap{margin-top:8px}.elementor-widget-text-editor:not(.elementor-drop-cap-view-default) .elementor-drop-cap-letter{width:1em;height:1em}.elementor-widget-text-editor .elementor-drop-cap{float:left;text-align:center;line-height:1;font-size:50px}.elementor-widget-text-editor .elementor-drop-cap-letter{display:inline-block}<\/style>\t\t\t\t<p>PORCELAIN RECT. 60X120<\/p>\t\t\t\t\t\t<\/div>\n\t\t\t\t<\/div>\n\t\t\t\t<div class=\"elementor-element elementor-element-c865842 elementor-widget elementor-widget-text-editor\" data-id=\"c865842\" data-element_type=\"widget\" data-widget_type=\"text-editor.default\">\n\t\t\t\t<div class=\"elementor-widget-container\">\n\t\t\t\t\t\t\t<p>PORCEL\u00c1NICO RECT. 23.6X47.2&#8243;<\/p>\t\t\t\t\t\t<\/div>\n\t\t\t\t<\/div>\n\t\t\t\t\t<\/div>\n\t\t<\/div>\n\t\t\t\t<div class=\"elementor-column elementor-col-50 elementor-top-column elementor-element elementor-element-be58901\" data-id=\"be58901\" data-element_type=\"column\">\n\t\t\t<div class=\"elementor-widget-wrap elementor-element-populated\">\n\t\t\t\t\t\t\t\t<div class=\"elementor-element elementor-element-e534512 elementor-widget elementor-widget-spacer\" data-id=\"e534512\" data-element_type=\"widget\" data-widget_type=\"spacer.default\">\n\t\t\t\t<div class=\"elementor-widget-container\">\n\t\t\t<style>\/*! elementor - v3.10.2 - 29-01-2023 *\/\n.elementor-column .elementor-spacer-inner{height:var(--spacer-size)}.e-con{--container-widget-width:100%}.e-con-inner>.elementor-widget-spacer,.e-con>.elementor-widget-spacer{width:var(--container-widget-width,var(--spacer-size));--align-self:var(--container-widget-align-self,initial);--flex-shrink:0}.e-con-inner>.elementor-widget-spacer>.elementor-widget-container,.e-con-inner>.elementor-widget-spacer>.elementor-widget-container>.elementor-spacer,.e-con>.elementor-widget-spacer>.elementor-widget-container,.e-con>.elementor-widget-spacer>.elementor-widget-container>.elementor-spacer{height:100%}.e-con-inner>.elementor-widget-spacer>.elementor-widget-container>.elementor-spacer>.elementor-spacer-inner,.e-con>.elementor-widget-spacer>.elementor-widget-container>.elementor-spacer>.elementor-spacer-inner{height:var(--container-widget-height,var(--spacer-size))}<\/style>\t\t<div class=\"elementor-spacer\">\n\t\t\t<div class=\"elementor-spacer-inner\"><\/div>\n\t\t<\/div>\n\t\t\t\t<\/div>\n\t\t\t\t<\/div>\n\t\t\t\t<div class=\"elementor-element elementor-element-324302d elementor-widget elementor-widget-image\" data-id=\"324302d\" data-element_type=\"widget\" data-widget_type=\"image.default\">\n\t\t\t\t<div class=\"elementor-widget-container\">\n\t\t\t\t\t\t\t\t\t\t\t\t\t\t\t<img decoding=\"async\" width=\"80\" height=\"37\" src=\"https:\/\/villaceramica.es\/wp-content\/uploads\/2023\/09\/caracteristicas-jackson-blue.jpg\" class=\"attachment-full size-full wp-image-3944\" alt=\"caracteristicas jackson blue\" loading=\"lazy\" \/>\t\t\t\t\t\t\t\t\t\t\t\t\t\t\t<\/div>\n\t\t\t\t<\/div>\n\t\t\t\t<div class=\"elementor-element elementor-element-2428c19 elementor-widget elementor-widget-heading\" data-id=\"2428c19\" data-element_type=\"widget\" data-widget_type=\"heading.default\">\n\t\t\t\t<div class=\"elementor-widget-container\">\n\t\t\t<h6 class=\"elementor-heading-title elementor-size-default\">SE DESCATALOGAR\u00c1 EN 2025<br>TO BE CANCELED IN 2025<\/h6>\t\t<\/div>\n\t\t\t\t<\/div>\n\t\t\t\t\t<\/div>\n\t\t<\/div>\n\t\t\t\t\t\t\t<\/div>\n\t\t<\/section>\n\t\t\t\t<section class=\"elementor-section elementor-top-section elementor-element elementor-element-97eacc6 elementor-section-stretched elementor-section-boxed elementor-section-height-default elementor-section-height-default\" data-id=\"97eacc6\" data-element_type=\"section\" data-settings=\"{&quot;stretch_section&quot;:&quot;section-stretched&quot;}\">\n\t\t\t\t\t\t<div class=\"elementor-container elementor-column-gap-wide\">\n\t\t\t\t\t<div class=\"elementor-column elementor-col-50 elementor-top-column elementor-element elementor-element-5d8880b\" data-id=\"5d8880b\" data-element_type=\"column\">\n\t\t\t<div class=\"elementor-widget-wrap elementor-element-populated\">\n\t\t\t\t\t\t\t\t<div class=\"elementor-element elementor-element-5f03572 elementor-widget elementor-widget-image\" data-id=\"5f03572\" data-element_type=\"widget\" data-widget_type=\"image.default\">\n\t\t\t\t<div class=\"elementor-widget-container\">\n\t\t\t\t\t\t\t\t\t\t\t\t\t\t\t<img decoding=\"async\" width=\"1000\" height=\"495\" src=\"https:\/\/villaceramica.es\/wp-content\/uploads\/2023\/03\/60X120_Pluto.jpg\" class=\"attachment-full size-full wp-image-1887\" alt=\"\" loading=\"lazy\" srcset=\"https:\/\/villaceramica.es\/wp-content\/uploads\/2023\/03\/60X120_Pluto.jpg 1000w, https:\/\/villaceramica.es\/wp-content\/uploads\/2023\/03\/60X120_Pluto-600x297.jpg 600w, https:\/\/villaceramica.es\/wp-content\/uploads\/2023\/03\/60X120_Pluto-300x149.jpg 300w, https:\/\/villaceramica.es\/wp-content\/uploads\/2023\/03\/60X120_Pluto-768x380.jpg 768w\" sizes=\"(max-width: 1000px) 100vw, 1000px\" \/>\t\t\t\t\t\t\t\t\t\t\t\t\t\t\t<\/div>\n\t\t\t\t<\/div>\n\t\t\t\t<div class=\"elementor-element elementor-element-3ae8667 elementor-widget elementor-widget-text-editor\" data-id=\"3ae8667\" data-element_type=\"widget\" data-widget_type=\"text-editor.default\">\n\t\t\t\t<div class=\"elementor-widget-container\">\n\t\t\t\t\t\t\t<p>Pluto<\/p>\t\t\t\t\t\t<\/div>\n\t\t\t\t<\/div>\n\t\t\t\t<section class=\"elementor-section elementor-inner-section elementor-element elementor-element-c573a94 elementor-section-boxed elementor-section-height-default elementor-section-height-default\" data-id=\"c573a94\" data-element_type=\"section\">\n\t\t\t\t\t\t<div class=\"elementor-container elementor-column-gap-default\">\n\t\t\t\t\t<div class=\"elementor-column elementor-col-50 elementor-inner-column elementor-element elementor-element-8a31ece\" data-id=\"8a31ece\" data-element_type=\"column\">\n\t\t\t<div class=\"elementor-widget-wrap elementor-element-populated\">\n\t\t\t\t\t\t\t\t<div class=\"elementor-element elementor-element-cd1fa30 elementor-widget elementor-widget-text-editor\" data-id=\"cd1fa30\" data-element_type=\"widget\" data-widget_type=\"text-editor.default\">\n\t\t\t\t<div class=\"elementor-widget-container\">\n\t\t\t\t\t\t\t<p>RECT. 60X120 | RECT. 23.6X47.2&#8243;<\/p>\t\t\t\t\t\t<\/div>\n\t\t\t\t<\/div>\n\t\t\t\t\t<\/div>\n\t\t<\/div>\n\t\t\t\t<div class=\"elementor-column elementor-col-50 elementor-inner-column elementor-element elementor-element-a4d6d7c\" data-id=\"a4d6d7c\" data-element_type=\"column\">\n\t\t\t<div class=\"elementor-widget-wrap elementor-element-populated\">\n\t\t\t\t\t\t\t\t<div class=\"elementor-element elementor-element-99b763e elementor-widget elementor-widget-image\" data-id=\"99b763e\" data-element_type=\"widget\" data-widget_type=\"image.default\">\n\t\t\t\t<div class=\"elementor-widget-container\">\n\t\t\t\t\t\t\t\t\t\t\t\t\t\t\t<img decoding=\"async\" width=\"145\" height=\"18\" src=\"https:\/\/villaceramica.es\/wp-content\/uploads\/2023\/09\/jump-caract-1.jpg\" class=\"attachment-full size-full wp-image-4915\" alt=\"jump caract 1\" loading=\"lazy\" \/>\t\t\t\t\t\t\t\t\t\t\t\t\t\t\t<\/div>\n\t\t\t\t<\/div>\n\t\t\t\t\t<\/div>\n\t\t<\/div>\n\t\t\t\t\t\t\t<\/div>\n\t\t<\/section>\n\t\t\t\t\t<\/div>\n\t\t<\/div>\n\t\t\t\t<div class=\"elementor-column elementor-col-50 elementor-top-column elementor-element elementor-element-5c24f2c\" data-id=\"5c24f2c\" data-element_type=\"column\">\n\t\t\t<div class=\"elementor-widget-wrap\">\n\t\t\t\t\t\t\t\t\t<\/div>\n\t\t<\/div>\n\t\t\t\t\t\t\t<\/div>\n\t\t<\/section>\n\t\t\t\t<section class=\"elementor-section elementor-top-section elementor-element elementor-element-1bbc0e1 elementor-section-boxed elementor-section-height-default elementor-section-height-default\" data-id=\"1bbc0e1\" data-element_type=\"section\">\n\t\t\t\t\t\t<div class=\"elementor-container elementor-column-gap-default\">\n\t\t\t\t\t<div class=\"elementor-column elementor-col-100 elementor-top-column elementor-element elementor-element-df5b8b1\" data-id=\"df5b8b1\" data-element_type=\"column\">\n\t\t\t<div class=\"elementor-widget-wrap elementor-element-populated\">\n\t\t\t\t\t\t\t\t<div class=\"elementor-element elementor-element-097bbaa elementor-widget elementor-widget-image\" data-id=\"097bbaa\" data-element_type=\"widget\" data-widget_type=\"image.default\">\n\t\t\t\t<div class=\"elementor-widget-container\">\n\t\t\t\t\t\t\t\t\t\t\t\t\t\t\t<img decoding=\"async\" width=\"876\" height=\"81\" src=\"https:\/\/villaceramica.es\/wp-content\/uploads\/2024\/02\/pluto.png\" class=\"attachment-full size-full wp-image-6567\" alt=\"\" loading=\"lazy\" srcset=\"https:\/\/villaceramica.es\/wp-content\/uploads\/2024\/02\/pluto.png 876w, https:\/\/villaceramica.es\/wp-content\/uploads\/2024\/02\/pluto-300x28.png 300w, https:\/\/villaceramica.es\/wp-content\/uploads\/2024\/02\/pluto-768x71.png 768w, https:\/\/villaceramica.es\/wp-content\/uploads\/2024\/02\/pluto-600x55.png 600w\" sizes=\"(max-width: 876px) 100vw, 876px\" \/>\t\t\t\t\t\t\t\t\t\t\t\t\t\t\t<\/div>\n\t\t\t\t<\/div>\n\t\t\t\t<div class=\"elementor-element elementor-element-9f5e1c7 elementor-widget elementor-widget-spacer\" data-id=\"9f5e1c7\" data-element_type=\"widget\" data-widget_type=\"spacer.default\">\n\t\t\t\t<div class=\"elementor-widget-container\">\n\t\t\t\t\t<div class=\"elementor-spacer\">\n\t\t\t<div class=\"elementor-spacer-inner\"><\/div>\n\t\t<\/div>\n\t\t\t\t<\/div>\n\t\t\t\t<\/div>\n\t\t\t\t\t<\/div>\n\t\t<\/div>\n\t\t\t\t\t\t\t<\/div>\n\t\t<\/section>\n\t\t\t\t\t\t\t<\/div>\n\t\t","protected":false},"excerpt":{"rendered":"<p>Pluto PORCELAIN RECT. 60X120 PORCEL\u00c1NICO RECT. 23.6X47.2&#8243; SE DESCATALOGAR\u00c1 EN 2025TO BE CANCELED IN 2025 Pluto RECT. 60X120 | RECT. 23.6X47.2&#8243;<\/p>\n","protected":false},"author":1,"featured_media":0,"parent":0,"menu_order":0,"comment_status":"closed","ping_status":"closed","template":"","meta":{"site-sidebar-layout":"no-sidebar","site-content-layout":"page-builder","ast-global-header-display":"","ast-main-header-display":"","ast-hfb-above-header-display":"","ast-hfb-below-header-display":"","ast-hfb-mobile-header-display":"","site-post-title":"disabled","ast-breadcrumbs-content":"","ast-featured-img":"disabled","footer-sml-layout":"","theme-transparent-header-meta":"default","adv-header-id-meta":"","stick-header-meta":"","header-above-stick-meta":"","header-main-stick-meta":"","header-below-stick-meta":""},"yoast_head":"<!-- This site is optimized with the Yoast SEO plugin v20.0 - https:\/\/yoast.com\/wordpress\/plugins\/seo\/ -->\n<title>Pluto | Villa Cer\u00e1mica<\/title>\n<meta name=\"robots\" content=\"index, follow, max-snippet:-1, max-image-preview:large, max-video-preview:-1\" \/>\n<link rel=\"canonical\" href=\"https:\/\/villaceramica.es\/en\/pluto\/\" \/>\n<meta property=\"og:locale\" content=\"en_US\" \/>\n<meta property=\"og:type\" content=\"article\" \/>\n<meta property=\"og:title\" content=\"Pluto | Villa Cer\u00e1mica\" \/>\n<meta property=\"og:description\" content=\"Pluto PORCELAIN RECT. 60X120 PORCEL\u00c1NICO RECT. 23.6X47.2&#8243; SE DESCATALOGAR\u00c1 EN 2025TO BE CANCELED IN 2025 Pluto RECT. 60X120 | RECT. 23.6X47.2&#8243;\" \/>\n<meta property=\"og:url\" content=\"https:\/\/villaceramica.es\/en\/pluto\/\" \/>\n<meta property=\"og:site_name\" content=\"Villa Cer\u00e1mica\" \/>\n<meta property=\"article:modified_time\" content=\"2025-05-15T12:12:06+00:00\" \/>\n<meta property=\"og:image\" content=\"https:\/\/villaceramica.es\/wp-content\/uploads\/2023\/03\/60X120_PLUTO_AMB_01.jpg\" \/>\n<meta name=\"twitter:card\" content=\"summary_large_image\" \/>\n<meta name=\"twitter:label1\" content=\"Est. reading time\" \/>\n\t<meta name=\"twitter:data1\" content=\"2 minutes\" \/>\n<script type=\"application\/ld+json\" class=\"yoast-schema-graph\">{\"@context\":\"https:\/\/schema.org\",\"@graph\":[{\"@type\":\"WebPage\",\"@id\":\"https:\/\/villaceramica.es\/en\/pluto\/\",\"url\":\"https:\/\/villaceramica.es\/en\/pluto\/\",\"name\":\"Pluto | Villa Cer\u00e1mica\",\"isPartOf\":{\"@id\":\"https:\/\/villaceramica.es\/#website\"},\"datePublished\":\"2023-03-16T11:07:00+00:00\",\"dateModified\":\"2025-05-15T12:12:06+00:00\",\"breadcrumb\":{\"@id\":\"https:\/\/villaceramica.es\/en\/pluto\/#breadcrumb\"},\"inLanguage\":\"en-US\",\"potentialAction\":[{\"@type\":\"ReadAction\",\"target\":[\"https:\/\/villaceramica.es\/en\/pluto\/\"]}]},{\"@type\":\"BreadcrumbList\",\"@id\":\"https:\/\/villaceramica.es\/en\/pluto\/#breadcrumb\",\"itemListElement\":[{\"@type\":\"ListItem\",\"position\":1,\"name\":\"Portada\",\"item\":\"https:\/\/villaceramica.es\/en\/home\/\"},{\"@type\":\"ListItem\",\"position\":2,\"name\":\"Pluto\"}]},{\"@type\":\"WebSite\",\"@id\":\"https:\/\/villaceramica.es\/#website\",\"url\":\"https:\/\/villaceramica.es\/\",\"name\":\"Villa Cer\u00e1mica\",\"description\":\"Empresa especializada en azulejos\",\"publisher\":{\"@id\":\"https:\/\/villaceramica.es\/#organization\"},\"potentialAction\":[{\"@type\":\"SearchAction\",\"target\":{\"@type\":\"EntryPoint\",\"urlTemplate\":\"https:\/\/villaceramica.es\/?s={search_term_string}\"},\"query-input\":\"required name=search_term_string\"}],\"inLanguage\":\"en-US\"},{\"@type\":\"Organization\",\"@id\":\"https:\/\/villaceramica.es\/#organization\",\"name\":\"Villa Cer\u00e1mica\",\"url\":\"https:\/\/villaceramica.es\/\",\"logo\":{\"@type\":\"ImageObject\",\"inLanguage\":\"en-US\",\"@id\":\"https:\/\/villaceramica.es\/#\/schema\/logo\/image\/\",\"url\":\"https:\/\/villaceramica.es\/wp-content\/uploads\/2023\/02\/cropped-cropped-logo-villa_Mesa-de-trabajo-1.png\",\"contentUrl\":\"https:\/\/villaceramica.es\/wp-content\/uploads\/2023\/02\/cropped-cropped-logo-villa_Mesa-de-trabajo-1.png\",\"width\":301,\"height\":144,\"caption\":\"Villa Cer\u00e1mica\"},\"image\":{\"@id\":\"https:\/\/villaceramica.es\/#\/schema\/logo\/image\/\"}}]}<\/script>\n<!-- \/ Yoast SEO plugin. -->","yoast_head_json":{"title":"Pluto | Villa Cer\u00e1mica","robots":{"index":"index","follow":"follow","max-snippet":"max-snippet:-1","max-image-preview":"max-image-preview:large","max-video-preview":"max-video-preview:-1"},"canonical":"https:\/\/villaceramica.es\/en\/pluto\/","og_locale":"en_US","og_type":"article","og_title":"Pluto | Villa Cer\u00e1mica","og_description":"Pluto PORCELAIN RECT. 60X120 PORCEL\u00c1NICO RECT. 23.6X47.2&#8243; SE DESCATALOGAR\u00c1 EN 2025TO BE CANCELED IN 2025 Pluto RECT. 60X120 | RECT. 23.6X47.2&#8243;","og_url":"https:\/\/villaceramica.es\/en\/pluto\/","og_site_name":"Villa Cer\u00e1mica","article_modified_time":"2025-05-15T12:12:06+00:00","og_image":[{"url":"https:\/\/villaceramica.es\/wp-content\/uploads\/2023\/03\/60X120_PLUTO_AMB_01.jpg"}],"twitter_card":"summary_large_image","twitter_misc":{"Est. reading time":"2 minutes"},"schema":{"@context":"https:\/\/schema.org","@graph":[{"@type":"WebPage","@id":"https:\/\/villaceramica.es\/en\/pluto\/","url":"https:\/\/villaceramica.es\/en\/pluto\/","name":"Pluto | Villa Cer\u00e1mica","isPartOf":{"@id":"https:\/\/villaceramica.es\/#website"},"datePublished":"2023-03-16T11:07:00+00:00","dateModified":"2025-05-15T12:12:06+00:00","breadcrumb":{"@id":"https:\/\/villaceramica.es\/en\/pluto\/#breadcrumb"},"inLanguage":"en-US","potentialAction":[{"@type":"ReadAction","target":["https:\/\/villaceramica.es\/en\/pluto\/"]}]},{"@type":"BreadcrumbList","@id":"https:\/\/villaceramica.es\/en\/pluto\/#breadcrumb","itemListElement":[{"@type":"ListItem","position":1,"name":"Portada","item":"https:\/\/villaceramica.es\/en\/home\/"},{"@type":"ListItem","position":2,"name":"Pluto"}]},{"@type":"WebSite","@id":"https:\/\/villaceramica.es\/#website","url":"https:\/\/villaceramica.es\/","name":"Villa Cer\u00e1mica","description":"Empresa especializada en azulejos","publisher":{"@id":"https:\/\/villaceramica.es\/#organization"},"potentialAction":[{"@type":"SearchAction","target":{"@type":"EntryPoint","urlTemplate":"https:\/\/villaceramica.es\/?s={search_term_string}"},"query-input":"required name=search_term_string"}],"inLanguage":"en-US"},{"@type":"Organization","@id":"https:\/\/villaceramica.es\/#organization","name":"Villa Cer\u00e1mica","url":"https:\/\/villaceramica.es\/","logo":{"@type":"ImageObject","inLanguage":"en-US","@id":"https:\/\/villaceramica.es\/#\/schema\/logo\/image\/","url":"https:\/\/villaceramica.es\/wp-content\/uploads\/2023\/02\/cropped-cropped-logo-villa_Mesa-de-trabajo-1.png","contentUrl":"https:\/\/villaceramica.es\/wp-content\/uploads\/2023\/02\/cropped-cropped-logo-villa_Mesa-de-trabajo-1.png","width":301,"height":144,"caption":"Villa Cer\u00e1mica"},"image":{"@id":"https:\/\/villaceramica.es\/#\/schema\/logo\/image\/"}}]}},"_links":{"self":[{"href":"https:\/\/villaceramica.es\/en\/wp-json\/wp\/v2\/pages\/2336"}],"collection":[{"href":"https:\/\/villaceramica.es\/en\/wp-json\/wp\/v2\/pages"}],"about":[{"href":"https:\/\/villaceramica.es\/en\/wp-json\/wp\/v2\/types\/page"}],"author":[{"embeddable":true,"href":"https:\/\/villaceramica.es\/en\/wp-json\/wp\/v2\/users\/1"}],"replies":[{"embeddable":true,"href":"https:\/\/villaceramica.es\/en\/wp-json\/wp\/v2\/comments?post=2336"}],"version-history":[{"count":25,"href":"https:\/\/villaceramica.es\/en\/wp-json\/wp\/v2\/pages\/2336\/revisions"}],"predecessor-version":[{"id":10647,"href":"https:\/\/villaceramica.es\/en\/wp-json\/wp\/v2\/pages\/2336\/revisions\/10647"}],"wp:attachment":[{"href":"https:\/\/villaceramica.es\/en\/wp-json\/wp\/v2\/media?parent=2336"}],"curies":[{"name":"wp","href":"https:\/\/api.w.org\/{rel}","templated":true}]}}